{"id":54,"date":"2022-01-27T15:56:18","date_gmt":"2022-01-27T15:56:18","guid":{"rendered":"https:\/\/dronsec.hu\/home\/"},"modified":"2022-02-11T17:28:09","modified_gmt":"2022-02-11T17:28:09","slug":"tuzvedelem","status":"publish","type":"page","link":"https:\/\/dronsec.hu\/?page_id=54","title":{"rendered":"T\u0171zv\u00e9delem"},"content":{"rendered":"\n\n\nn\nn\n\n\n<h4>T\u0171z elleni v\u00e9dekez\u00e9s = T\u0171zv\u00e9delem<\/h4>\n<h2>T\u0171zv\u00e9delmi rendszerek telep\u00edt\u00e9se \u00e9s karbantart\u00e1sa<\/h2>\n<p>&#8211;\tT\u0171zjelz\u0151 rendszerek ki\u00e9p\u00edt\u00e9se\n<p>&#8211;\tT\u0171zjelz\u0151 t\u00e1vfel\u00fcgyelet\n<p>&#8211;\tT\u0171zv\u00e9delmi audit\n<p>&#8211;\tT\u0171zv\u00e9delmi megb\u00edzotti feladatok\n<p>&#8211;\tT\u0171zv\u00e9delmi fel\u00fclvizsg\u00e1latok \u2013 karbantart\u00e1s, jav\u00edt\u00e1s\n<p>&#8211;\tT\u0171zv\u00e9delmi szab\u00e1lyzat\n<p>&#8211;\tT\u0171zv\u00e9delmi dokument\u00e1ci\u00f3k\n<\/p>\n<p><font color=\"#666666\">\n\n<\/font><\/p>\n<p><font color=\"#666666\">A t\u0171zv\u00e9delem ter\u00fclet\u00e9n a legfontosabb hangs\u00falyt a megel\u0151z\u00e9sre kell helyezni. <p><font color=\"#666666\">Ebben kiemelked\u0151 szerepet kap a t\u0171zv\u00e9delmi oktat\u00e1s, valamint a t\u0171zriad\u00f3 terv gyakoroltat\u00e1sa.<p><font color=\"#666666\"> Minden dolgoz\u00f3nak ismernie kell a t\u0171zolt\u00f3 k\u00e9sz\u00fcl\u00e9kek haszn\u00e1lat\u00e1t, tov\u00e1bb\u00e1 a t\u0171z eset\u00e9n re\u00e1 h\u00e1rul\u00f3 feladatokat. <p><font color=\"#666666\">Nem elhanyagolhat\u00f3 szempont a menek\u00fcl\u00e9si \u00fatvonalak j\u00f3l l\u00e1that\u00f3s\u00e1ga sem. <p><font color=\"#666666\">Ezt megfelel\u0151 ir\u00e1nyf\u00e9ny vil\u00e1g\u00edt\u00e1ssal, illetve ut\u00e1nvil\u00e1g\u00edt\u00f3 biztons\u00e1gi t\u00e1bl\u00e1k kihelyez\u00e9s\u00e9vel lehet el\u00e9rni.\n\n<\/font><\/p>\n\n\n\n\n\n<h4>\u00d6n, hogy van a t\u0171zv\u00e9delemmel?<\/h4>\n<h2>Gazd\u00e1lkod\u00f3k t\u0171zv\u00e9delmi feladatai?<\/h2>\n<p>A t\u0171zv\u00e9delmi t\u00f6rv\u00e9ny \u00e9rtelm\u00e9ben a gazd\u00e1lkod\u00f3 szervezetekkel szemben alapvet\u0151en az al\u00e1bbi f\u0151 k\u00f6vetelm\u00e9ny fogalmazhat\u00f3ak meg:\n\n<p> &#8211; \u00d6nmaguk k\u00f6telesek gondoskodni a tev\u00e9kenys\u00e9g\u00fckkel kapcsolatos t\u0171zv\u00e9delemr\u0151l\n<p> &#8211; Megfelel\u0151 biztons\u00e1got kell ny\u00fajtaniuk azoknak, akiket foglalkoztatnak\n<p> &#8211; Rendeltet\u00e9sszer\u0171 m\u0171k\u00f6d\u00e9s\u00fck sor\u00e1n ne jelentsenek t\u0171z- \u00e9s robban\u00e1svesz\u00e9lyt a k\u00f6rnyezet\u00fckre\n<p> &#8211; Az \u00e1ltaluk l\u00e9trehozott term\u00e9kek, illet\u0151leg szolg\u00e1ltat\u00e1saik &#8211; ha azokat megfelel\u0151en veszik ig\u00e9nybe &#8211; ne vesz\u00e9lyeztess\u00e9k a fogyaszt\u00f3t\n<p> &#8211; Teremts\u00e9k meg a tev\u00e9kenys\u00e9g\u00fck sor\u00e1n keletkezhet\u0151 t\u0171z \u00e9s m\u0171szaki baleset \u00e9szlel\u00e9s\u00e9nek, jelz\u00e9s\u00e9nek, elolt\u00e1s\u00e1nak, elh\u00e1r\u00edt\u00e1s\u00e1nak szervezeti, szervez\u00e9si, szem\u00e9lyi \u00e9s t\u00e1rgyi felt\u00e9teleit.<\/p>\n\n\n\nn\n\n\n\n\n<p>L\u00e9tes\u00edtm\u00e9nyek t\u0171zvesz\u00e9lyess\u00e9gi oszt\u00e1lya:\n           <p> \u201eFokozottan t\u0171z- \u00e9s robban\u00e1svesz\u00e9lyes\u201d \u2013 jelz\u00e9se: \u201eA\u201d\n           <p> \u201eT\u0171z- \u00e9s robban\u00e1svesz\u00e9lyes\u201d \u2013 jelz\u00e9se: \u201eB\u201d\n           <p> \u201eT\u0171zvesz\u00e9lyes\u201d \u2013 jelz\u00e9se: \u201eC\u201d\n           <p> \u201eM\u00e9rs\u00e9kelten t\u0171zvesz\u00e9lyes\u201d \u2013 jelz\u00e9se: \u201eD\u201d\n           <p> \u201eNem t\u0171zvesz\u00e9lyes\u201d \u2013 jelz\u00e9se: \u201eE\u201d)\n\n<p>&#8211; A gazd\u00e1lkod\u00f3knak &#8211; amennyiben \u00f6tn\u00e9l t\u00f6bb munkav\u00e1llal\u00f3t foglalkoztatnak, vagy ha \u00f6tvenn\u00e9l t\u00f6bb szem\u00e9ly befogad\u00e1s\u00e1ra alkalmas l\u00e9tes\u00edtm\u00e9nyt m\u0171k\u00f6dtetnek, illetve a fokozottan t\u0171z- \u00e9s robban\u00e1svesz\u00e9lyes besorol\u00e1s eset\u00e9n \u00e9s kereskedelmi  sz\u00e1ll\u00e1shelyeken &#8211; T\u0171zv\u00e9delmi Szab\u00e1lyzatot kell k\u00e9sz\u00edteni\u00fck, amelynek a 30\/1996 (XII.6.) BM rendeletben meghat\u00e1rozott esetekben mell\u00e9k\u00e9let\u00e9t k\u00e9pezi a T\u0171zriad\u00f3 Terv.<\/p>\n\n\n","protected":false},"excerpt":{"rendered":"","protected":false},"author":1,"featured_media":0,"parent":0,"menu_order":0,"comment_status":"closed","ping_status":"closed","template":"","meta":[],"yoast_head":"<!-- This site is optimized with the Yoast SEO plugin v18.0 - https:\/\/yoast.com\/wordpress\/plugins\/seo\/ -->\n<title>T\u0171zv\u00e9delem - Dron Sec<\/title>\n<meta name=\"robots\" content=\"index, follow, max-snippet:-1, max-image-preview:large, max-video-preview:-1\" \/>\n<link rel=\"canonical\" href=\"https:\/\/dronsec.hu\/?page_id=54\" \/>\n<meta property=\"og:locale\" content=\"hu_HU\" \/>\n<meta property=\"og:type\" content=\"article\" \/>\n<meta property=\"og:title\" content=\"T\u0171zv\u00e9delem - Dron Sec\" \/>\n<meta property=\"og:url\" content=\"https:\/\/dronsec.hu\/?page_id=54\" \/>\n<meta property=\"og:site_name\" content=\"Dron Sec\" \/>\n<meta property=\"article:modified_time\" content=\"2022-02-11T17:28:09+00:00\" \/>\n<meta name=\"twitter:card\" content=\"summary_large_image\" \/>\n<meta name=\"twitter:label1\" content=\"Becs\u00fclt olvas\u00e1si id\u0151\" \/>\n\t<meta name=\"twitter:data1\" content=\"1 perc\" \/>\n<script type=\"application\/ld+json\" class=\"yoast-schema-graph\">{\"@context\":\"https:\/\/schema.org\",\"@graph\":[{\"@type\":\"WebSite\",\"@id\":\"https:\/\/dronsec.hu\/#website\",\"url\":\"https:\/\/dronsec.hu\/\",\"name\":\"Dron Sec\",\"description\":\"Dron Security\",\"potentialAction\":[{\"@type\":\"SearchAction\",\"target\":{\"@type\":\"EntryPoint\",\"urlTemplate\":\"https:\/\/dronsec.hu\/?s={search_term_string}\"},\"query-input\":\"required name=search_term_string\"}],\"inLanguage\":\"hu\"},{\"@type\":\"WebPage\",\"@id\":\"https:\/\/dronsec.hu\/?page_id=54#webpage\",\"url\":\"https:\/\/dronsec.hu\/?page_id=54\",\"name\":\"T\u0171zv\u00e9delem - Dron Sec\",\"isPartOf\":{\"@id\":\"https:\/\/dronsec.hu\/#website\"},\"datePublished\":\"2022-01-27T15:56:18+00:00\",\"dateModified\":\"2022-02-11T17:28:09+00:00\",\"breadcrumb\":{\"@id\":\"https:\/\/dronsec.hu\/?page_id=54#breadcrumb\"},\"inLanguage\":\"hu\",\"potentialAction\":[{\"@type\":\"ReadAction\",\"target\":[\"https:\/\/dronsec.hu\/?page_id=54\"]}]},{\"@type\":\"BreadcrumbList\",\"@id\":\"https:\/\/dronsec.hu\/?page_id=54#breadcrumb\",\"itemListElement\":[{\"@type\":\"ListItem\",\"position\":1,\"name\":\"Home\",\"item\":\"https:\/\/dronsec.hu\/\"},{\"@type\":\"ListItem\",\"position\":2,\"name\":\"T\u0171zv\u00e9delem\"}]}]}<\/script>\n<!-- \/ Yoast SEO plugin. -->","yoast_head_json":{"title":"T\u0171zv\u00e9delem - Dron Sec","robots":{"index":"index","follow":"follow","max-snippet":"max-snippet:-1","max-image-preview":"max-image-preview:large","max-video-preview":"max-video-preview:-1"},"canonical":"https:\/\/dronsec.hu\/?page_id=54","og_locale":"hu_HU","og_type":"article","og_title":"T\u0171zv\u00e9delem - Dron Sec","og_url":"https:\/\/dronsec.hu\/?page_id=54","og_site_name":"Dron Sec","article_modified_time":"2022-02-11T17:28:09+00:00","twitter_card":"summary_large_image","twitter_misc":{"Becs\u00fclt olvas\u00e1si id\u0151":"1 perc"},"schema":{"@context":"https:\/\/schema.org","@graph":[{"@type":"WebSite","@id":"https:\/\/dronsec.hu\/#website","url":"https:\/\/dronsec.hu\/","name":"Dron Sec","description":"Dron Security","potentialAction":[{"@type":"SearchAction","target":{"@type":"EntryPoint","urlTemplate":"https:\/\/dronsec.hu\/?s={search_term_string}"},"query-input":"required name=search_term_string"}],"inLanguage":"hu"},{"@type":"WebPage","@id":"https:\/\/dronsec.hu\/?page_id=54#webpage","url":"https:\/\/dronsec.hu\/?page_id=54","name":"T\u0171zv\u00e9delem - Dron Sec","isPartOf":{"@id":"https:\/\/dronsec.hu\/#website"},"datePublished":"2022-01-27T15:56:18+00:00","dateModified":"2022-02-11T17:28:09+00:00","breadcrumb":{"@id":"https:\/\/dronsec.hu\/?page_id=54#breadcrumb"},"inLanguage":"hu","potentialAction":[{"@type":"ReadAction","target":["https:\/\/dronsec.hu\/?page_id=54"]}]},{"@type":"BreadcrumbList","@id":"https:\/\/dronsec.hu\/?page_id=54#breadcrumb","itemListElement":[{"@type":"ListItem","position":1,"name":"Home","item":"https:\/\/dronsec.hu\/"},{"@type":"ListItem","position":2,"name":"T\u0171zv\u00e9delem"}]}]}},"_links":{"self":[{"href":"https:\/\/dronsec.hu\/index.php?rest_route=\/wp\/v2\/pages\/54"}],"collection":[{"href":"https:\/\/dronsec.hu\/index.php?rest_route=\/wp\/v2\/pages"}],"about":[{"href":"https:\/\/dronsec.hu\/index.php?rest_route=\/wp\/v2\/types\/page"}],"author":[{"embeddable":true,"href":"https:\/\/dronsec.hu\/index.php?rest_route=\/wp\/v2\/users\/1"}],"replies":[{"embeddable":true,"href":"https:\/\/dronsec.hu\/index.php?rest_route=%2Fwp%2Fv2%2Fcomments&post=54"}],"version-history":[{"count":12,"href":"https:\/\/dronsec.hu\/index.php?rest_route=\/wp\/v2\/pages\/54\/revisions"}],"predecessor-version":[{"id":376,"href":"https:\/\/dronsec.hu\/index.php?rest_route=\/wp\/v2\/pages\/54\/revisions\/376"}],"wp:attachment":[{"href":"https:\/\/dronsec.hu\/index.php?rest_route=%2Fwp%2Fv2%2Fmedia&parent=54"}],"curies":[{"name":"wp","href":"https:\/\/api.w.org\/{rel}","templated":true}]}}