{"id":23,"date":"2022-01-14T13:02:28","date_gmt":"2022-01-14T13:02:28","guid":{"rendered":"https:\/\/dronsec.hu\/home\/"},"modified":"2023-12-09T21:40:41","modified_gmt":"2023-12-09T21:40:41","slug":"szemely-es-vagyonvedelem-a-dron-sec-mv-sec-altal","status":"publish","type":"page","link":"https:\/\/dronsec.hu\/","title":{"rendered":"F\u0151oldal"},"content":{"rendered":"\n\n\n\n\n\n\n\n<h4>Dr\u00f3n technol\u00f3gia<\/h4>\n\n\n<h2>Dr\u00f3nv\u00e9delem \u00e9s\/vagy megfigyel\u00e9s<\/h2>\n\n\n<p><font color=\"#666666\">Dr\u00f3n biztons\u00e1g<\/font><\/p>\n\n<p><font color=\"#666666\">V\u00e9dje vagyonon\u00e1t k\u00fcls\u0151 fenyeget\u00e9sekkel szemben.\n<\/font><\/p><p><font color=\"#666666\"><font color=\"#666666\">K\u00f6vesse nyomon val\u00f3s id\u0151ben. \u2013 rep\u00fclj\u00f6n.\n<\/font><\/font><\/p><font color=\"#666666\">\n\n\n\n\n\n<h4>Gyors n\u00f6veked\u00e9si ter\u00fclet<\/h4>\n\n\n<h2>Dr\u00f3nnal a mez\u0151gazdas\u00e1gban<\/h2>\n\n<p>\u00c9vekkel ezel\u0151tt, m\u00e9g elk\u00e9pzelni sem lehetett volna, ami ma m\u00e1r term\u00e9szetes. \n<\/p><p>\u00cdgy lesz ezzel a vagyonv\u00e9delemben is!\n<\/p><p> Ma m\u00e9g \u00e9l\u0151er\u0151, holnap m\u00e1r dr\u00f3nok mennek a biztons\u00e1gi\u0151r\u00f6k helyett ter\u00fcletet ellen\u0151rizni. <\/p><p>Legyen \u00d6n is az els\u0151k k\u00f6z\u00f6tt a dr\u00f3nv\u00e9delem ter\u00fclet\u00e9n.<\/p>\n\n\n\n\n\n\n\n\n\n<h3>Mit k\u00edn\u00e1lunk \u00d6nnek a dr\u00f3njainkkal?<\/h3>\n\n\n\n\n<h5>Ter\u00fclet ellen\u0151rz\u00e9s<\/h5>\n\n<p>Rendszeres vagy alkalmank\u00e9nti ter\u00fclet ellen\u0151rz\u00e9s, p\u00e9ld\u00e1ul az illeg\u00e1lis fakiv\u00e1g\u00e1sok ellen. <\/p><p>Keressen minket, v\u00e1rjuk jelentkez\u00e9s\u00e9t.<\/p>\n\n\n\n\n\n<h5>Munkaer\u0151 megfigyel\u00e9s<\/h5>\n\n<p>Megszerzett javait, c\u00e9g\u00e9t egy rosszul dolgoz\u00f3 alkalmazott t\u00f6nkre is teheti.<\/p><p>Keressen minket bizalommal<\/p>\n\n\n\n\n\n<h5>Dr\u00f3n megfigyel\u00e9s<\/h5>\n\n<p>P\u00e1rja, kedvese megcsalja? \n<\/p><p>Szeretn\u00e9 tudni?\n<\/p><p>Keressen minket.<\/p>\n\n\n\n\n\n\n\n<h5>Rendezv\u00e9nybiztos\u00edt\u00e1s<\/h5>\n\n\n<p>Koncertek, fesztiv\u00e1lok, sport, kultur\u00e1lis rendezv\u00e9nyek, k\u00fclt\u00e9ri ki\u00e1ll\u00edt\u00e1sok \u00e9s v\u00e1s\u00e1rok.<\/p><p>Keressen minket rendezv\u00e9nybiztos\u00edt\u00e1ssal kapcsolatban.<\/p>\n\n\n\n\n\n\n<h5>Birtokv\u00e9delem<\/h5>\n\n<p>V\u00e9dje tulajdon\u00e1t! <\/p><p>Keressen minket a birtoka v\u00e9delm\u00e9ben. &nbsp;<\/p>\n\n\n\n\n\n<h5>Dr\u00f3n elleni v\u00e9delem<\/h5>\n\n<p>Ter\u00fclet\u00e9re dr\u00f3nnal illeg\u00e1lisan berep\u00fclnek? \n<\/p><p>Szeretn\u00e9, ha ez t\u00f6bbet nem t\u00f6rt\u00e9nne meg?\n<\/p><p>Keressen minket.<\/p>\n\n\n\n\n\n\n\n\n\n\n\n<br>\n\n\n\n\n<br>\n\n\n<br>\n\n\n\n\n\n\n\n\n\n\n\n\n\n\n\n\n\n","protected":false},"excerpt":{"rendered":"","protected":false},"author":1,"featured_media":0,"parent":0,"menu_order":0,"comment_status":"closed","ping_status":"closed","template":"","meta":[],"yoast_head":"<!-- This site is optimized with the Yoast SEO plugin v18.0 - https:\/\/yoast.com\/wordpress\/plugins\/seo\/ -->\n<title>F\u0151oldal - Dron Sec<\/title>\n<meta name=\"description\" content=\"Dr\u00f3n felder\u00edt\u00e9s \u00e9s v\u00e9delem, Szem\u00e9ly-, \u00e9s \u00e9rt\u00e9kk\u00eds\u00e9ret, Mag\u00e1nnyomoz\u00e1s, Vagyonv\u00e9delem , Birtokvita, T\u0171z elleni v\u00e9delem, Takar\u00edt\u00e1s\" \/>\n<meta name=\"robots\" content=\"index, follow, max-snippet:-1, max-image-preview:large, max-video-preview:-1\" \/>\n<link rel=\"canonical\" href=\"https:\/\/dronsec.hu\/\" \/>\n<meta property=\"og:locale\" content=\"hu_HU\" \/>\n<meta property=\"og:type\" content=\"article\" \/>\n<meta property=\"og:title\" content=\"F\u0151oldal - Dron Sec\" \/>\n<meta property=\"og:description\" content=\"Dr\u00f3n felder\u00edt\u00e9s \u00e9s v\u00e9delem, Szem\u00e9ly-, \u00e9s \u00e9rt\u00e9kk\u00eds\u00e9ret, Mag\u00e1nnyomoz\u00e1s, Vagyonv\u00e9delem , Birtokvita, T\u0171z elleni v\u00e9delem, Takar\u00edt\u00e1s\" \/>\n<meta property=\"og:url\" content=\"https:\/\/dronsec.hu\/\" \/>\n<meta property=\"og:site_name\" content=\"Dron Sec\" \/>\n<meta property=\"article:modified_time\" content=\"2023-12-09T21:40:41+00:00\" \/>\n<meta name=\"twitter:card\" content=\"summary_large_image\" \/>\n<meta name=\"twitter:label1\" content=\"Becs\u00fclt olvas\u00e1si id\u0151\" \/>\n\t<meta name=\"twitter:data1\" content=\"2 perc\" \/>\n<script type=\"application\/ld+json\" class=\"yoast-schema-graph\">{\"@context\":\"https:\/\/schema.org\",\"@graph\":[{\"@type\":\"WebSite\",\"@id\":\"https:\/\/dronsec.hu\/#website\",\"url\":\"https:\/\/dronsec.hu\/\",\"name\":\"Dron Sec\",\"description\":\"Dron Security\",\"potentialAction\":[{\"@type\":\"SearchAction\",\"target\":{\"@type\":\"EntryPoint\",\"urlTemplate\":\"https:\/\/dronsec.hu\/?s={search_term_string}\"},\"query-input\":\"required name=search_term_string\"}],\"inLanguage\":\"hu\"},{\"@type\":\"WebPage\",\"@id\":\"https:\/\/dronsec.hu\/#webpage\",\"url\":\"https:\/\/dronsec.hu\/\",\"name\":\"F\u0151oldal - Dron Sec\",\"isPartOf\":{\"@id\":\"https:\/\/dronsec.hu\/#website\"},\"datePublished\":\"2022-01-14T13:02:28+00:00\",\"dateModified\":\"2023-12-09T21:40:41+00:00\",\"description\":\"Dr\u00f3n felder\u00edt\u00e9s \u00e9s v\u00e9delem, Szem\u00e9ly-, \u00e9s \u00e9rt\u00e9kk\u00eds\u00e9ret, Mag\u00e1nnyomoz\u00e1s, Vagyonv\u00e9delem , Birtokvita, T\u0171z elleni v\u00e9delem, Takar\u00edt\u00e1s\",\"breadcrumb\":{\"@id\":\"https:\/\/dronsec.hu\/#breadcrumb\"},\"inLanguage\":\"hu\",\"potentialAction\":[{\"@type\":\"ReadAction\",\"target\":[\"https:\/\/dronsec.hu\/\"]}]},{\"@type\":\"BreadcrumbList\",\"@id\":\"https:\/\/dronsec.hu\/#breadcrumb\",\"itemListElement\":[{\"@type\":\"ListItem\",\"position\":1,\"name\":\"Home\",\"item\":\"https:\/\/dronsec.hu\/\"},{\"@type\":\"ListItem\",\"position\":2,\"name\":\"F\u0151oldal\"}]}]}<\/script>\n<!-- \/ Yoast SEO plugin. -->","yoast_head_json":{"title":"F\u0151oldal - Dron Sec","description":"Dr\u00f3n felder\u00edt\u00e9s \u00e9s v\u00e9delem, Szem\u00e9ly-, \u00e9s \u00e9rt\u00e9kk\u00eds\u00e9ret, Mag\u00e1nnyomoz\u00e1s, Vagyonv\u00e9delem , Birtokvita, T\u0171z elleni v\u00e9delem, Takar\u00edt\u00e1s","robots":{"index":"index","follow":"follow","max-snippet":"max-snippet:-1","max-image-preview":"max-image-preview:large","max-video-preview":"max-video-preview:-1"},"canonical":"https:\/\/dronsec.hu\/","og_locale":"hu_HU","og_type":"article","og_title":"F\u0151oldal - Dron Sec","og_description":"Dr\u00f3n felder\u00edt\u00e9s \u00e9s v\u00e9delem, Szem\u00e9ly-, \u00e9s \u00e9rt\u00e9kk\u00eds\u00e9ret, Mag\u00e1nnyomoz\u00e1s, Vagyonv\u00e9delem , Birtokvita, T\u0171z elleni v\u00e9delem, Takar\u00edt\u00e1s","og_url":"https:\/\/dronsec.hu\/","og_site_name":"Dron Sec","article_modified_time":"2023-12-09T21:40:41+00:00","twitter_card":"summary_large_image","twitter_misc":{"Becs\u00fclt olvas\u00e1si id\u0151":"2 perc"},"schema":{"@context":"https:\/\/schema.org","@graph":[{"@type":"WebSite","@id":"https:\/\/dronsec.hu\/#website","url":"https:\/\/dronsec.hu\/","name":"Dron Sec","description":"Dron Security","potentialAction":[{"@type":"SearchAction","target":{"@type":"EntryPoint","urlTemplate":"https:\/\/dronsec.hu\/?s={search_term_string}"},"query-input":"required name=search_term_string"}],"inLanguage":"hu"},{"@type":"WebPage","@id":"https:\/\/dronsec.hu\/#webpage","url":"https:\/\/dronsec.hu\/","name":"F\u0151oldal - Dron Sec","isPartOf":{"@id":"https:\/\/dronsec.hu\/#website"},"datePublished":"2022-01-14T13:02:28+00:00","dateModified":"2023-12-09T21:40:41+00:00","description":"Dr\u00f3n felder\u00edt\u00e9s \u00e9s v\u00e9delem, Szem\u00e9ly-, \u00e9s \u00e9rt\u00e9kk\u00eds\u00e9ret, Mag\u00e1nnyomoz\u00e1s, Vagyonv\u00e9delem , Birtokvita, T\u0171z elleni v\u00e9delem, Takar\u00edt\u00e1s","breadcrumb":{"@id":"https:\/\/dronsec.hu\/#breadcrumb"},"inLanguage":"hu","potentialAction":[{"@type":"ReadAction","target":["https:\/\/dronsec.hu\/"]}]},{"@type":"BreadcrumbList","@id":"https:\/\/dronsec.hu\/#breadcrumb","itemListElement":[{"@type":"ListItem","position":1,"name":"Home","item":"https:\/\/dronsec.hu\/"},{"@type":"ListItem","position":2,"name":"F\u0151oldal"}]}]}},"_links":{"self":[{"href":"https:\/\/dronsec.hu\/index.php?rest_route=\/wp\/v2\/pages\/23"}],"collection":[{"href":"https:\/\/dronsec.hu\/index.php?rest_route=\/wp\/v2\/pages"}],"about":[{"href":"https:\/\/dronsec.hu\/index.php?rest_route=\/wp\/v2\/types\/page"}],"author":[{"embeddable":true,"href":"https:\/\/dronsec.hu\/index.php?rest_route=\/wp\/v2\/users\/1"}],"replies":[{"embeddable":true,"href":"https:\/\/dronsec.hu\/index.php?rest_route=%2Fwp%2Fv2%2Fcomments&post=23"}],"version-history":[{"count":65,"href":"https:\/\/dronsec.hu\/index.php?rest_route=\/wp\/v2\/pages\/23\/revisions"}],"predecessor-version":[{"id":479,"href":"https:\/\/dronsec.hu\/index.php?rest_route=\/wp\/v2\/pages\/23\/revisions\/479"}],"wp:attachment":[{"href":"https:\/\/dronsec.hu\/index.php?rest_route=%2Fwp%2Fv2%2Fmedia&parent=23"}],"curies":[{"name":"wp","href":"https:\/\/api.w.org\/{rel}","templated":true}]}}