{"id":2,"date":"2022-01-14T13:02:16","date_gmt":"2022-01-14T13:02:16","guid":{"rendered":"https:\/\/dronsec.hu\/?page_id=2"},"modified":"2023-04-15T17:56:59","modified_gmt":"2023-04-15T17:56:59","slug":"sample-page","status":"publish","type":"page","link":"https:\/\/dronsec.hu\/?page_id=2","title":{"rendered":"General kivitelez\u00e9s"},"content":{"rendered":"\n\n\n<p>Felt\u00f6lt\u00e9s alatt!&nbsp;<\/p><p>K\u00e9rj\u00fck, hogy egy k\u00e9s\u0151bbi id\u0151pontban t\u00e9rjen vissza. K\u00f6sz\u00f6nj\u00fck<\/p>\n\n\n","protected":false},"excerpt":{"rendered":"","protected":false},"author":1,"featured_media":0,"parent":0,"menu_order":0,"comment_status":"closed","ping_status":"closed","template":"","meta":[],"yoast_head":"<!-- This site is optimized with the Yoast SEO plugin v18.0 - https:\/\/yoast.com\/wordpress\/plugins\/seo\/ -->\n<title>General kivitelez\u00e9s - Dron Sec<\/title>\n<meta name=\"robots\" content=\"index, follow, max-snippet:-1, max-image-preview:large, max-video-preview:-1\" \/>\n<link rel=\"canonical\" href=\"https:\/\/dronsec.hu\/?page_id=2\" \/>\n<meta property=\"og:locale\" content=\"hu_HU\" \/>\n<meta property=\"og:type\" content=\"article\" \/>\n<meta property=\"og:title\" content=\"General kivitelez\u00e9s - Dron Sec\" \/>\n<meta property=\"og:url\" content=\"https:\/\/dronsec.hu\/?page_id=2\" \/>\n<meta property=\"og:site_name\" content=\"Dron Sec\" \/>\n<meta property=\"article:modified_time\" content=\"2023-04-15T17:56:59+00:00\" \/>\n<meta name=\"twitter:card\" content=\"summary_large_image\" \/>\n<script type=\"application\/ld+json\" class=\"yoast-schema-graph\">{\"@context\":\"https:\/\/schema.org\",\"@graph\":[{\"@type\":\"WebSite\",\"@id\":\"https:\/\/dronsec.hu\/#website\",\"url\":\"https:\/\/dronsec.hu\/\",\"name\":\"Dron Sec\",\"description\":\"Dron Security\",\"potentialAction\":[{\"@type\":\"SearchAction\",\"target\":{\"@type\":\"EntryPoint\",\"urlTemplate\":\"https:\/\/dronsec.hu\/?s={search_term_string}\"},\"query-input\":\"required name=search_term_string\"}],\"inLanguage\":\"hu\"},{\"@type\":\"WebPage\",\"@id\":\"https:\/\/dronsec.hu\/?page_id=2#webpage\",\"url\":\"https:\/\/dronsec.hu\/?page_id=2\",\"name\":\"General kivitelez\u00e9s - Dron Sec\",\"isPartOf\":{\"@id\":\"https:\/\/dronsec.hu\/#website\"},\"datePublished\":\"2022-01-14T13:02:16+00:00\",\"dateModified\":\"2023-04-15T17:56:59+00:00\",\"breadcrumb\":{\"@id\":\"https:\/\/dronsec.hu\/?page_id=2#breadcrumb\"},\"inLanguage\":\"hu\",\"potentialAction\":[{\"@type\":\"ReadAction\",\"target\":[\"https:\/\/dronsec.hu\/?page_id=2\"]}]},{\"@type\":\"BreadcrumbList\",\"@id\":\"https:\/\/dronsec.hu\/?page_id=2#breadcrumb\",\"itemListElement\":[{\"@type\":\"ListItem\",\"position\":1,\"name\":\"Home\",\"item\":\"https:\/\/dronsec.hu\/\"},{\"@type\":\"ListItem\",\"position\":2,\"name\":\"General kivitelez\u00e9s\"}]}]}<\/script>\n<!-- \/ Yoast SEO plugin. -->","yoast_head_json":{"title":"General kivitelez\u00e9s - Dron Sec","robots":{"index":"index","follow":"follow","max-snippet":"max-snippet:-1","max-image-preview":"max-image-preview:large","max-video-preview":"max-video-preview:-1"},"canonical":"https:\/\/dronsec.hu\/?page_id=2","og_locale":"hu_HU","og_type":"article","og_title":"General kivitelez\u00e9s - Dron Sec","og_url":"https:\/\/dronsec.hu\/?page_id=2","og_site_name":"Dron Sec","article_modified_time":"2023-04-15T17:56:59+00:00","twitter_card":"summary_large_image","schema":{"@context":"https:\/\/schema.org","@graph":[{"@type":"WebSite","@id":"https:\/\/dronsec.hu\/#website","url":"https:\/\/dronsec.hu\/","name":"Dron Sec","description":"Dron Security","potentialAction":[{"@type":"SearchAction","target":{"@type":"EntryPoint","urlTemplate":"https:\/\/dronsec.hu\/?s={search_term_string}"},"query-input":"required name=search_term_string"}],"inLanguage":"hu"},{"@type":"WebPage","@id":"https:\/\/dronsec.hu\/?page_id=2#webpage","url":"https:\/\/dronsec.hu\/?page_id=2","name":"General kivitelez\u00e9s - Dron Sec","isPartOf":{"@id":"https:\/\/dronsec.hu\/#website"},"datePublished":"2022-01-14T13:02:16+00:00","dateModified":"2023-04-15T17:56:59+00:00","breadcrumb":{"@id":"https:\/\/dronsec.hu\/?page_id=2#breadcrumb"},"inLanguage":"hu","potentialAction":[{"@type":"ReadAction","target":["https:\/\/dronsec.hu\/?page_id=2"]}]},{"@type":"BreadcrumbList","@id":"https:\/\/dronsec.hu\/?page_id=2#breadcrumb","itemListElement":[{"@type":"ListItem","position":1,"name":"Home","item":"https:\/\/dronsec.hu\/"},{"@type":"ListItem","position":2,"name":"General kivitelez\u00e9s"}]}]}},"_links":{"self":[{"href":"https:\/\/dronsec.hu\/index.php?rest_route=\/wp\/v2\/pages\/2"}],"collection":[{"href":"https:\/\/dronsec.hu\/index.php?rest_route=\/wp\/v2\/pages"}],"about":[{"href":"https:\/\/dronsec.hu\/index.php?rest_route=\/wp\/v2\/types\/page"}],"author":[{"embeddable":true,"href":"https:\/\/dronsec.hu\/index.php?rest_route=\/wp\/v2\/users\/1"}],"replies":[{"embeddable":true,"href":"https:\/\/dronsec.hu\/index.php?rest_route=%2Fwp%2Fv2%2Fcomments&post=2"}],"version-history":[{"count":4,"href":"https:\/\/dronsec.hu\/index.php?rest_route=\/wp\/v2\/pages\/2\/revisions"}],"predecessor-version":[{"id":465,"href":"https:\/\/dronsec.hu\/index.php?rest_route=\/wp\/v2\/pages\/2\/revisions\/465"}],"wp:attachment":[{"href":"https:\/\/dronsec.hu\/index.php?rest_route=%2Fwp%2Fv2%2Fmedia&parent=2"}],"curies":[{"name":"wp","href":"https:\/\/api.w.org\/{rel}","templated":true}]}}