{"id":193,"date":"2022-02-02T13:11:14","date_gmt":"2022-02-02T13:11:14","guid":{"rendered":"https:\/\/dronsec.hu\/home\/"},"modified":"2023-12-09T21:38:27","modified_gmt":"2023-12-09T21:38:27","slug":"birtokvita","status":"publish","type":"page","link":"https:\/\/dronsec.hu\/?page_id=193","title":{"rendered":"Birtokvita"},"content":{"rendered":"\n\n\n\nn\n\n\n\n<h4>Saj\u00e1t tulajdon\u00e1t vesz\u00e9lyesztetik?<\/h4>\n<h2>Birtokvita<\/h2>\nSeg\u00edtj\u00fck \u00fcgyfeleinket esetleges birtokv\u00e9delmi vit\u00e1k rendez\u00e9s\u00e9ben, a t\u00f6rv\u00e9ny adta keretek teljes k\u00f6r\u0171 betart\u00e1s\u00e1val.<\/p><font color=\"#666666\"><font color=\"#666666\">\n\n\n\n\n\n\n\n\n\n\n\n\n","protected":false},"excerpt":{"rendered":"","protected":false},"author":1,"featured_media":0,"parent":0,"menu_order":0,"comment_status":"closed","ping_status":"closed","template":"","meta":[],"yoast_head":"<!-- This site is optimized with the Yoast SEO plugin v18.0 - https:\/\/yoast.com\/wordpress\/plugins\/seo\/ -->\n<title>Birtokvita - Dron Sec<\/title>\n<meta name=\"robots\" content=\"index, follow, max-snippet:-1, max-image-preview:large, max-video-preview:-1\" \/>\n<link rel=\"canonical\" href=\"https:\/\/dronsec.hu\/?page_id=193\" \/>\n<meta property=\"og:locale\" content=\"hu_HU\" \/>\n<meta property=\"og:type\" content=\"article\" \/>\n<meta property=\"og:title\" content=\"Birtokvita - Dron Sec\" \/>\n<meta property=\"og:url\" content=\"https:\/\/dronsec.hu\/?page_id=193\" \/>\n<meta property=\"og:site_name\" content=\"Dron Sec\" \/>\n<meta property=\"article:modified_time\" content=\"2023-12-09T21:38:27+00:00\" \/>\n<meta name=\"twitter:card\" content=\"summary_large_image\" \/>\n<meta name=\"twitter:label1\" content=\"Becs\u00fclt olvas\u00e1si id\u0151\" \/>\n\t<meta name=\"twitter:data1\" content=\"1 perc\" \/>\n<script type=\"application\/ld+json\" class=\"yoast-schema-graph\">{\"@context\":\"https:\/\/schema.org\",\"@graph\":[{\"@type\":\"WebSite\",\"@id\":\"https:\/\/dronsec.hu\/#website\",\"url\":\"https:\/\/dronsec.hu\/\",\"name\":\"Dron Sec\",\"description\":\"Dron Security\",\"potentialAction\":[{\"@type\":\"SearchAction\",\"target\":{\"@type\":\"EntryPoint\",\"urlTemplate\":\"https:\/\/dronsec.hu\/?s={search_term_string}\"},\"query-input\":\"required name=search_term_string\"}],\"inLanguage\":\"hu\"},{\"@type\":\"WebPage\",\"@id\":\"https:\/\/dronsec.hu\/?page_id=193#webpage\",\"url\":\"https:\/\/dronsec.hu\/?page_id=193\",\"name\":\"Birtokvita - Dron Sec\",\"isPartOf\":{\"@id\":\"https:\/\/dronsec.hu\/#website\"},\"datePublished\":\"2022-02-02T13:11:14+00:00\",\"dateModified\":\"2023-12-09T21:38:27+00:00\",\"breadcrumb\":{\"@id\":\"https:\/\/dronsec.hu\/?page_id=193#breadcrumb\"},\"inLanguage\":\"hu\",\"potentialAction\":[{\"@type\":\"ReadAction\",\"target\":[\"https:\/\/dronsec.hu\/?page_id=193\"]}]},{\"@type\":\"BreadcrumbList\",\"@id\":\"https:\/\/dronsec.hu\/?page_id=193#breadcrumb\",\"itemListElement\":[{\"@type\":\"ListItem\",\"position\":1,\"name\":\"Home\",\"item\":\"https:\/\/dronsec.hu\/\"},{\"@type\":\"ListItem\",\"position\":2,\"name\":\"Birtokvita\"}]}]}<\/script>\n<!-- \/ Yoast SEO plugin. -->","yoast_head_json":{"title":"Birtokvita - Dron Sec","robots":{"index":"index","follow":"follow","max-snippet":"max-snippet:-1","max-image-preview":"max-image-preview:large","max-video-preview":"max-video-preview:-1"},"canonical":"https:\/\/dronsec.hu\/?page_id=193","og_locale":"hu_HU","og_type":"article","og_title":"Birtokvita - Dron Sec","og_url":"https:\/\/dronsec.hu\/?page_id=193","og_site_name":"Dron Sec","article_modified_time":"2023-12-09T21:38:27+00:00","twitter_card":"summary_large_image","twitter_misc":{"Becs\u00fclt olvas\u00e1si id\u0151":"1 perc"},"schema":{"@context":"https:\/\/schema.org","@graph":[{"@type":"WebSite","@id":"https:\/\/dronsec.hu\/#website","url":"https:\/\/dronsec.hu\/","name":"Dron Sec","description":"Dron Security","potentialAction":[{"@type":"SearchAction","target":{"@type":"EntryPoint","urlTemplate":"https:\/\/dronsec.hu\/?s={search_term_string}"},"query-input":"required name=search_term_string"}],"inLanguage":"hu"},{"@type":"WebPage","@id":"https:\/\/dronsec.hu\/?page_id=193#webpage","url":"https:\/\/dronsec.hu\/?page_id=193","name":"Birtokvita - Dron Sec","isPartOf":{"@id":"https:\/\/dronsec.hu\/#website"},"datePublished":"2022-02-02T13:11:14+00:00","dateModified":"2023-12-09T21:38:27+00:00","breadcrumb":{"@id":"https:\/\/dronsec.hu\/?page_id=193#breadcrumb"},"inLanguage":"hu","potentialAction":[{"@type":"ReadAction","target":["https:\/\/dronsec.hu\/?page_id=193"]}]},{"@type":"BreadcrumbList","@id":"https:\/\/dronsec.hu\/?page_id=193#breadcrumb","itemListElement":[{"@type":"ListItem","position":1,"name":"Home","item":"https:\/\/dronsec.hu\/"},{"@type":"ListItem","position":2,"name":"Birtokvita"}]}]}},"_links":{"self":[{"href":"https:\/\/dronsec.hu\/index.php?rest_route=\/wp\/v2\/pages\/193"}],"collection":[{"href":"https:\/\/dronsec.hu\/index.php?rest_route=\/wp\/v2\/pages"}],"about":[{"href":"https:\/\/dronsec.hu\/index.php?rest_route=\/wp\/v2\/types\/page"}],"author":[{"embeddable":true,"href":"https:\/\/dronsec.hu\/index.php?rest_route=\/wp\/v2\/users\/1"}],"replies":[{"embeddable":true,"href":"https:\/\/dronsec.hu\/index.php?rest_route=%2Fwp%2Fv2%2Fcomments&post=193"}],"version-history":[{"count":18,"href":"https:\/\/dronsec.hu\/index.php?rest_route=\/wp\/v2\/pages\/193\/revisions"}],"predecessor-version":[{"id":477,"href":"https:\/\/dronsec.hu\/index.php?rest_route=\/wp\/v2\/pages\/193\/revisions\/477"}],"wp:attachment":[{"href":"https:\/\/dronsec.hu\/index.php?rest_route=%2Fwp%2Fv2%2Fmedia&parent=193"}],"curies":[{"name":"wp","href":"https:\/\/api.w.org\/{rel}","templated":true}]}}